{"id":805,"date":"2022-11-24T19:59:00","date_gmt":"2022-11-24T18:59:00","guid":{"rendered":"https:\/\/www.hosteen.ma\/?page_id=805"},"modified":"2023-10-21T17:47:54","modified_gmt":"2023-10-21T16:47:54","slug":"centre-allal-fassi","status":"publish","type":"page","link":"https:\/\/hosteen.fr\/ar\/centre-allal-fassi\/","title":{"rendered":"\u0645\u0631\u0643\u0632 \u0639\u0644\u0627\u0644 \u0627\u0644\u0641\u0627\u0633\u064a \u0645\u0631\u0627\u0643\u0634"},"content":{"rendered":"<p class=\"has-text-align-center\"><strong>Centre Allal Fassi Marrakech <\/strong><\/p><p>Notre centre Allal Fassi, se situe sur le boulevard Allal Fassi, centre ville de Marrakech, 5 min \u00e0 pieds de <a href=\"https:\/\/www.jardinmajorelle.com\/\" target=\"_blank\" rel=\"noreferrer noopener\">Jardin Majorelle<\/a> de Gu\u00e9liz, et Aswak Salam de Bab Doukkala, Marrakech.<\/p><p>Le <strong>centre de domiciliation<\/strong> se situe, dans un prestigieux r\u00e9sidentiel, dans le 1er immeuble \u00e0 deux (2) pas des arr\u00eats de presque tous les lignes de <a href=\"https:\/\/www.alsa.ma\/marrakech\/lignes\" target=\"_blank\" rel=\"noreferrer noopener\">Bus Alsa<\/a> et les Grand Taxi. Il y a deux grands parking priv\u00e9s et sur tout le long des deux (2) cot\u00e9s du Boulevard Allal Fassi de Marrakech, juste accot\u00e9 de Alfa 2000. Au alentour du centre de domiciliation, il y a les agences bancaires de <a href=\"https:\/\/www.groupebcp.com\/fr\" target=\"_blank\" rel=\"noreferrer noopener\">la Banque Populaire<\/a>, <a href=\"https:\/\/www.creditdumaroc.ma\/\" target=\"_blank\" rel=\"noreferrer noopener\">Cr\u00e9dit du Maroc<\/a>, <a href=\"https:\/\/www.sgmaroc.com\/\" target=\"_blank\" rel=\"noreferrer noopener\">La Soci\u00e9t\u00e9 G\u00e9n\u00e9rale<\/a>, <a href=\"https:\/\/www.poste.ma\" target=\"_blank\" rel=\"noreferrer noopener\">La Poste<\/a> et Barid Bank, <a href=\"https:\/\/www.bankofafrica.ma\/\" target=\"_blank\" rel=\"noreferrer noopener\">Banque Of Africa<\/a>, <a href=\"https:\/\/www.bmci.ma\/\" target=\"_blank\" rel=\"noreferrer noopener\">BMCI<\/a>, beaucoup d&rsquo;autre prestataire de service comme Barid Cash, les assurances, les caf\u00e9s, restaurants, librairies et Hotels&#8230;<\/p><p>Le <strong>centre de domiciliation<\/strong> de Allal Fassi de Marrakech, s&rsquo;\u00e9tale sur presque 90 m\u00b2, contient trois (3) bureaux privatifs, 11 m\u00b2 chacun, espace co-working, salle de r\u00e9union et formation de 20m\u00b2, espace accueil, et salle d&rsquo;archivage.<\/p><p><strong>Pour nous rendre visite: APPT 15 IMM. 12 LOT SINE, Bd Allal Al Fassi, Marrakech 40070, Maroc<\/strong><br><a href=\"https:\/\/maps.app.goo.gl\/G2vor4mtntUbxwzb9\">https:\/\/maps.app.goo.gl\/G2vor4mtntUbxwzb9<\/a><\/p><p><\/p><style>.kb-google-maps-container805_81076a-78{height:450px;padding-top:30px;padding-right:30px;padding-bottom:30px;padding-left:30px;}<\/style><div class=\"kb-google-maps-container kb-google-maps-container805_81076a-78  wp-block-kadence-googlemaps\" data-mapid=\"805_81076a78\"><iframe width=\"100%\" height=\"100%\"\n\t\t\t\t\t\t\tstyle=\"border:0\" loading=\"lazy\"\n\t\t\t\t\t\t\t\n\t\t\t\t\t\t\ttitle=\"Google map of APPT 15 IMM. 12 LOT SINE, Bd Allal Al Fassi, Marrakech 40070\" class=\"lws-optimize-lazyload\" data-src=\"https:\/\/www.google.com\/maps\/embed\/v1\/place?key=AIzaSyBAM2o7PiQqwk15LC1XRH2e_KJ-jUa7KYk&#038;zoom=15&#038;maptype=satellite&#038;q=APPT+15+IMM.+12+LOT+SINE%2C+Bd+Allal+Al+Fassi%2C+Marrakech+40070\"><\/iframe><\/div><script>function kb_google_map805_81076a78() { let center = { lat: 37.8201, lng: -122.4781}; let map = new google.maps.Map(document.getElementById(\"kb-google-map805_81076a78\"), {\n\t\t\t\t\t    zoom: 15,\n\t\t\t\t\t    center: center,mapTypeId: \"satellite\",});let marker = new google.maps.Marker({   position: { lat: 37.8201, lng: -122.4781},    map: map,  });}<\/script>","protected":false},"excerpt":{"rendered":"<p>Centre Allal Fassi Marrakech Notre centre Allal Fassi, se situe sur le boulevard Allal Fassi, centre ville de Marrakech, 5 min \u00e0 pieds de Jardin Majorelle de Gu\u00e9liz, et Aswak Salam de Bab Doukkala, Marrakech. Le centre de domiciliation se situe, dans un prestigieux r\u00e9sidentiel, dans le 1er immeuble \u00e0 deux (2) pas des arr\u00eats&#8230;<\/p>","protected":false},"author":1,"featured_media":0,"parent":0,"menu_order":0,"comment_status":"closed","ping_status":"closed","template":"","meta":{"_acf_changed":false,"_kadence_starter_templates_imported_post":false,"_kad_post_transparent":"","_kad_post_title":"","_kad_post_layout":"","_kad_post_sidebar_id":"","_kad_post_content_style":"","_kad_post_vertical_padding":"","_kad_post_feature":"","_kad_post_feature_position":"","_kad_post_header":false,"_kad_post_footer":false,"footnotes":""},"class_list":["post-805","page","type-page","status-publish","hentry"],"acf":[],"yoast_head":"<!-- This site is optimized with the Yoast SEO plugin v24.7 - https:\/\/yoast.com\/wordpress\/plugins\/seo\/ -->\n<title>Centre Allal Fassi (MarraKech) - Domiciliation -Se Domicilier- 100% en ligne au Maroc<\/title>\n<meta name=\"robots\" content=\"index, follow, max-snippet:-1, max-image-preview:large, max-video-preview:-1\" \/>\n<link rel=\"canonical\" href=\"https:\/\/hosteen.fr\/ar\/centre-allal-fassi\/\" \/>\n<meta property=\"og:locale\" content=\"ar_AR\" \/>\n<meta property=\"og:type\" content=\"article\" \/>\n<meta property=\"og:title\" content=\"Centre Allal Fassi (MarraKech) - Domiciliation -Se Domicilier- 100% en ligne au Maroc\" \/>\n<meta property=\"og:description\" content=\"Centre Allal Fassi Marrakech Notre centre Allal Fassi, se situe sur le boulevard Allal Fassi, centre ville de Marrakech, 5 min \u00e0 pieds de Jardin Majorelle de Gu\u00e9liz, et Aswak Salam de Bab Doukkala, Marrakech. Le centre de domiciliation se situe, dans un prestigieux r\u00e9sidentiel, dans le 1er immeuble \u00e0 deux (2) pas des arr\u00eats...\" \/>\n<meta property=\"og:url\" content=\"https:\/\/hosteen.fr\/ar\/centre-allal-fassi\/\" \/>\n<meta property=\"og:site_name\" content=\"Domiciliation -Se Domicilier- 100% en ligne au Maroc\" \/>\n<meta property=\"article:modified_time\" content=\"2023-10-21T16:47:54+00:00\" \/>\n<meta name=\"twitter:label1\" content=\"Est. reading time\" \/>\n\t<meta name=\"twitter:data1\" content=\"1 minute\" \/>\n<script type=\"application\/ld+json\" class=\"yoast-schema-graph\">{\"@context\":\"https:\/\/schema.org\",\"@graph\":[{\"@type\":\"WebPage\",\"@id\":\"https:\/\/hosteen.fr\/centre-allal-fassi\/\",\"url\":\"https:\/\/hosteen.fr\/centre-allal-fassi\/\",\"name\":\"Centre Allal Fassi (MarraKech) - Domiciliation -Se Domicilier- 100% en ligne au Maroc\",\"isPartOf\":{\"@id\":\"https:\/\/hosteen.fr\/ar\/#website\"},\"datePublished\":\"2022-11-24T18:59:00+00:00\",\"dateModified\":\"2023-10-21T16:47:54+00:00\",\"inLanguage\":\"ary\",\"potentialAction\":[{\"@type\":\"ReadAction\",\"target\":[\"https:\/\/hosteen.fr\/centre-allal-fassi\/\"]}]},{\"@type\":\"WebSite\",\"@id\":\"https:\/\/hosteen.fr\/ar\/#website\",\"url\":\"https:\/\/hosteen.fr\/ar\/\",\"name\":\"Domiciliation -Se Domicilier- 100% en ligne au Maroc\",\"description\":\"Domiciliation 100% en ligne \u00e0 39 MAD TTC au Maroc\",\"publisher\":{\"@id\":\"https:\/\/hosteen.fr\/ar\/#organization\"},\"potentialAction\":[{\"@type\":\"SearchAction\",\"target\":{\"@type\":\"EntryPoint\",\"urlTemplate\":\"https:\/\/hosteen.fr\/ar\/?s={search_term_string}\"},\"query-input\":{\"@type\":\"PropertyValueSpecification\",\"valueRequired\":true,\"valueName\":\"search_term_string\"}}],\"inLanguage\":\"ary\"},{\"@type\":\"Organization\",\"@id\":\"https:\/\/hosteen.fr\/ar\/#organization\",\"name\":\"Domiciliation -Se Domicilier- 100% en ligne au Maroc\",\"url\":\"https:\/\/hosteen.fr\/ar\/\",\"logo\":{\"@type\":\"ImageObject\",\"inLanguage\":\"ary\",\"@id\":\"https:\/\/hosteen.fr\/ar\/#\/schema\/logo\/image\/\",\"url\":\"https:\/\/hosteen.fr\/wp-content\/uploads\/2022\/12\/cropped-logo-hosteen-Domiciliation-se-domicilier-Societe-Entreprise-Maroc-Marrakech-15.png\",\"contentUrl\":\"https:\/\/hosteen.fr\/wp-content\/uploads\/2022\/12\/cropped-logo-hosteen-Domiciliation-se-domicilier-Societe-Entreprise-Maroc-Marrakech-15.png\",\"width\":467,\"height\":150,\"caption\":\"Domiciliation -Se Domicilier- 100% en ligne au Maroc\"},\"image\":{\"@id\":\"https:\/\/hosteen.fr\/ar\/#\/schema\/logo\/image\/\"}}]}<\/script>\n<!-- \/ Yoast SEO plugin. -->","yoast_head_json":{"title":"Centre Allal Fassi (MarraKech) - Domiciliation -Se Domicilier- 100% en ligne au Maroc","robots":{"index":"index","follow":"follow","max-snippet":"max-snippet:-1","max-image-preview":"max-image-preview:large","max-video-preview":"max-video-preview:-1"},"canonical":"https:\/\/hosteen.fr\/ar\/centre-allal-fassi\/","og_locale":"ar_AR","og_type":"article","og_title":"Centre Allal Fassi (MarraKech) - Domiciliation -Se Domicilier- 100% en ligne au Maroc","og_description":"Centre Allal Fassi Marrakech Notre centre Allal Fassi, se situe sur le boulevard Allal Fassi, centre ville de Marrakech, 5 min \u00e0 pieds de Jardin Majorelle de Gu\u00e9liz, et Aswak Salam de Bab Doukkala, Marrakech. Le centre de domiciliation se situe, dans un prestigieux r\u00e9sidentiel, dans le 1er immeuble \u00e0 deux (2) pas des arr\u00eats...","og_url":"https:\/\/hosteen.fr\/ar\/centre-allal-fassi\/","og_site_name":"Domiciliation -Se Domicilier- 100% en ligne au Maroc","article_modified_time":"2023-10-21T16:47:54+00:00","twitter_misc":{"Est. reading time":"1 minute"},"schema":{"@context":"https:\/\/schema.org","@graph":[{"@type":"WebPage","@id":"https:\/\/hosteen.fr\/centre-allal-fassi\/","url":"https:\/\/hosteen.fr\/centre-allal-fassi\/","name":"Centre Allal Fassi (MarraKech) - Domiciliation -Se Domicilier- 100% en ligne au Maroc","isPartOf":{"@id":"https:\/\/hosteen.fr\/ar\/#website"},"datePublished":"2022-11-24T18:59:00+00:00","dateModified":"2023-10-21T16:47:54+00:00","inLanguage":"ary","potentialAction":[{"@type":"ReadAction","target":["https:\/\/hosteen.fr\/centre-allal-fassi\/"]}]},{"@type":"WebSite","@id":"https:\/\/hosteen.fr\/ar\/#website","url":"https:\/\/hosteen.fr\/ar\/","name":"Domiciliation -Se Domicilier- 100% en ligne au Maroc","description":"Domiciliation 100% en ligne \u00e0 39 MAD TTC au Maroc","publisher":{"@id":"https:\/\/hosteen.fr\/ar\/#organization"},"potentialAction":[{"@type":"SearchAction","target":{"@type":"EntryPoint","urlTemplate":"https:\/\/hosteen.fr\/ar\/?s={search_term_string}"},"query-input":{"@type":"PropertyValueSpecification","valueRequired":true,"valueName":"search_term_string"}}],"inLanguage":"ary"},{"@type":"Organization","@id":"https:\/\/hosteen.fr\/ar\/#organization","name":"Domiciliation -Se Domicilier- 100% en ligne au Maroc","url":"https:\/\/hosteen.fr\/ar\/","logo":{"@type":"ImageObject","inLanguage":"ary","@id":"https:\/\/hosteen.fr\/ar\/#\/schema\/logo\/image\/","url":"https:\/\/hosteen.fr\/wp-content\/uploads\/2022\/12\/cropped-logo-hosteen-Domiciliation-se-domicilier-Societe-Entreprise-Maroc-Marrakech-15.png","contentUrl":"https:\/\/hosteen.fr\/wp-content\/uploads\/2022\/12\/cropped-logo-hosteen-Domiciliation-se-domicilier-Societe-Entreprise-Maroc-Marrakech-15.png","width":467,"height":150,"caption":"Domiciliation -Se Domicilier- 100% en ligne au Maroc"},"image":{"@id":"https:\/\/hosteen.fr\/ar\/#\/schema\/logo\/image\/"}}]}},"_links":{"self":[{"href":"https:\/\/hosteen.fr\/ar\/wp-json\/wp\/v2\/pages\/805","targetHints":{"allow":["GET"]}}],"collection":[{"href":"https:\/\/hosteen.fr\/ar\/wp-json\/wp\/v2\/pages"}],"about":[{"href":"https:\/\/hosteen.fr\/ar\/wp-json\/wp\/v2\/types\/page"}],"author":[{"embeddable":true,"href":"https:\/\/hosteen.fr\/ar\/wp-json\/wp\/v2\/users\/1"}],"replies":[{"embeddable":true,"href":"https:\/\/hosteen.fr\/ar\/wp-json\/wp\/v2\/comments?post=805"}],"version-history":[{"count":9,"href":"https:\/\/hosteen.fr\/ar\/wp-json\/wp\/v2\/pages\/805\/revisions"}],"predecessor-version":[{"id":1575,"href":"https:\/\/hosteen.fr\/ar\/wp-json\/wp\/v2\/pages\/805\/revisions\/1575"}],"wp:attachment":[{"href":"https:\/\/hosteen.fr\/ar\/wp-json\/wp\/v2\/media?parent=805"}],"curies":[{"name":"wp","href":"https:\/\/api.w.org\/{rel}","templated":true}]}}