{"id":1432,"date":"2023-04-22T03:32:31","date_gmt":"2023-04-22T02:32:31","guid":{"rendered":"https:\/\/www.hosteen.ma\/?page_id=1432"},"modified":"2023-04-29T22:39:47","modified_gmt":"2023-04-29T21:39:47","slug":"tenue-de-comptabilite","status":"publish","type":"page","link":"https:\/\/hosteen.fr\/ar\/tenue-de-comptabilite\/","title":{"rendered":"Tenue de comptabilit\u00e9"},"content":{"rendered":"<p class=\"has-text-align-center\">PAGE EN COURS DE D\u00c9VELOPPEMENT<\/p><p class=\"has-text-align-center\"><strong>A partir de 125 dh HT\/mois<\/strong><br>(Le prix varie selon le chiffre d&rsquo;affaire, le nombre de personne d\u00e9clar\u00e9 et la charge horaire)<br><strong>La comptabilit\u00e9 est tenue par un comptable agr\u00e9e<\/strong><\/p><p class=\"has-text-align-center\"><a href=\"https:\/\/hosteen.fr\/ar\/services\/\" target=\"_blank\" rel=\"noreferrer noopener\">Pour voir les services de tenue de comptabilit\u00e9 inclus dans ce pack <\/a><\/p><p class=\"has-text-align-center\"> pour commander le service veuillez nous contacter par:<\/p><p>\u0645\u0631\u0643\u0632 \u0639\u0644\u0627\u0642\u0627\u062a \u0627\u0644\u0639\u0645\u0644\u0627\u0621:<br>\u0639\u0628\u0631 \u0627\u0644\u0648\u0627\u062a\u0633\u0627\u0628 : 212660797025+<br>\u0627\u0633\u062a\u0645\u0627\u0631\u0629: <a href=\"https:\/\/hosteen.fr\/ar\/contact\/\" target=\"_blank\" rel=\"noreferrer noopener\">\u0627\u062a\u0635\u0627\u0644<\/a><br>\u0639\u0628\u0631 \u0627\u0644\u0631\u064a\u062f \u0627\u0644\u0627\u0644\u0643\u062a\u0631\u0648\u0646\u064a : hosteenma@gmail.com<\/p><p class=\"has-text-align-center\"><\/p>","protected":false},"excerpt":{"rendered":"<p>PAGE EN COURS DE D\u00c9VELOPPEMENT A partir de 125 dh HT\/mois(Le prix varie selon le chiffre d&rsquo;affaire, le nombre de personne d\u00e9clar\u00e9 et la charge horaire)La comptabilit\u00e9 est tenue par un comptable agr\u00e9e Pour voir les services de tenue de comptabilit\u00e9 inclus dans ce pack pour commander le service veuillez nous contacter par: Centre de&#8230;<\/p>","protected":false},"author":1,"featured_media":0,"parent":0,"menu_order":0,"comment_status":"closed","ping_status":"closed","template":"","meta":{"_acf_changed":false,"_kadence_starter_templates_imported_post":false,"_kad_post_transparent":"","_kad_post_title":"","_kad_post_layout":"","_kad_post_sidebar_id":"","_kad_post_content_style":"","_kad_post_vertical_padding":"","_kad_post_feature":"","_kad_post_feature_position":"","_kad_post_header":false,"_kad_post_footer":false,"footnotes":""},"class_list":["post-1432","page","type-page","status-publish","hentry"],"acf":[],"yoast_head":"<!-- This site is optimized with the Yoast SEO plugin v24.7 - https:\/\/yoast.com\/wordpress\/plugins\/seo\/ -->\n<title>Tenue de comptabilit\u00e9 - Domiciliation -Se Domicilier- 100% en ligne au Maroc<\/title>\n<meta name=\"robots\" content=\"index, follow, max-snippet:-1, max-image-preview:large, max-video-preview:-1\" \/>\n<link rel=\"canonical\" href=\"https:\/\/hosteen.fr\/ar\/tenue-de-comptabilite\/\" \/>\n<meta property=\"og:locale\" content=\"ar_AR\" \/>\n<meta property=\"og:type\" content=\"article\" \/>\n<meta property=\"og:title\" content=\"Tenue de comptabilit\u00e9 - Domiciliation -Se Domicilier- 100% en ligne au Maroc\" \/>\n<meta property=\"og:description\" content=\"PAGE EN COURS DE D\u00c9VELOPPEMENT A partir de 125 dh HT\/mois(Le prix varie selon le chiffre d&rsquo;affaire, le nombre de personne d\u00e9clar\u00e9 et la charge horaire)La comptabilit\u00e9 est tenue par un comptable agr\u00e9e Pour voir les services de tenue de comptabilit\u00e9 inclus dans ce pack pour commander le service veuillez nous contacter par: Centre de...\" \/>\n<meta property=\"og:url\" content=\"https:\/\/hosteen.fr\/ar\/tenue-de-comptabilite\/\" \/>\n<meta property=\"og:site_name\" content=\"Domiciliation -Se Domicilier- 100% en ligne au Maroc\" \/>\n<meta property=\"article:modified_time\" content=\"2023-04-29T21:39:47+00:00\" \/>\n<meta name=\"twitter:label1\" content=\"Est. reading time\" \/>\n\t<meta name=\"twitter:data1\" content=\"1 minute\" \/>\n<script type=\"application\/ld+json\" class=\"yoast-schema-graph\">{\"@context\":\"https:\/\/schema.org\",\"@graph\":[{\"@type\":\"WebPage\",\"@id\":\"https:\/\/hosteen.fr\/tenue-de-comptabilite\/\",\"url\":\"https:\/\/hosteen.fr\/tenue-de-comptabilite\/\",\"name\":\"Tenue de comptabilit\u00e9 - Domiciliation -Se Domicilier- 100% en ligne au Maroc\",\"isPartOf\":{\"@id\":\"https:\/\/hosteen.fr\/ar\/#website\"},\"datePublished\":\"2023-04-22T02:32:31+00:00\",\"dateModified\":\"2023-04-29T21:39:47+00:00\",\"inLanguage\":\"ary\",\"potentialAction\":[{\"@type\":\"ReadAction\",\"target\":[\"https:\/\/hosteen.fr\/tenue-de-comptabilite\/\"]}]},{\"@type\":\"WebSite\",\"@id\":\"https:\/\/hosteen.fr\/ar\/#website\",\"url\":\"https:\/\/hosteen.fr\/ar\/\",\"name\":\"Domiciliation -Se Domicilier- 100% en ligne au Maroc\",\"description\":\"Domiciliation 100% en ligne \u00e0 39 MAD TTC au Maroc\",\"publisher\":{\"@id\":\"https:\/\/hosteen.fr\/ar\/#organization\"},\"potentialAction\":[{\"@type\":\"SearchAction\",\"target\":{\"@type\":\"EntryPoint\",\"urlTemplate\":\"https:\/\/hosteen.fr\/ar\/?s={search_term_string}\"},\"query-input\":{\"@type\":\"PropertyValueSpecification\",\"valueRequired\":true,\"valueName\":\"search_term_string\"}}],\"inLanguage\":\"ary\"},{\"@type\":\"Organization\",\"@id\":\"https:\/\/hosteen.fr\/ar\/#organization\",\"name\":\"Domiciliation -Se Domicilier- 100% en ligne au Maroc\",\"url\":\"https:\/\/hosteen.fr\/ar\/\",\"logo\":{\"@type\":\"ImageObject\",\"inLanguage\":\"ary\",\"@id\":\"https:\/\/hosteen.fr\/ar\/#\/schema\/logo\/image\/\",\"url\":\"https:\/\/hosteen.fr\/wp-content\/uploads\/2022\/12\/cropped-logo-hosteen-Domiciliation-se-domicilier-Societe-Entreprise-Maroc-Marrakech-15.png\",\"contentUrl\":\"https:\/\/hosteen.fr\/wp-content\/uploads\/2022\/12\/cropped-logo-hosteen-Domiciliation-se-domicilier-Societe-Entreprise-Maroc-Marrakech-15.png\",\"width\":467,\"height\":150,\"caption\":\"Domiciliation -Se Domicilier- 100% en ligne au Maroc\"},\"image\":{\"@id\":\"https:\/\/hosteen.fr\/ar\/#\/schema\/logo\/image\/\"}}]}<\/script>\n<!-- \/ Yoast SEO plugin. -->","yoast_head_json":{"title":"Tenue de comptabilit\u00e9 - Domiciliation -Se Domicilier- 100% en ligne au Maroc","robots":{"index":"index","follow":"follow","max-snippet":"max-snippet:-1","max-image-preview":"max-image-preview:large","max-video-preview":"max-video-preview:-1"},"canonical":"https:\/\/hosteen.fr\/ar\/tenue-de-comptabilite\/","og_locale":"ar_AR","og_type":"article","og_title":"Tenue de comptabilit\u00e9 - Domiciliation -Se Domicilier- 100% en ligne au Maroc","og_description":"PAGE EN COURS DE D\u00c9VELOPPEMENT A partir de 125 dh HT\/mois(Le prix varie selon le chiffre d&rsquo;affaire, le nombre de personne d\u00e9clar\u00e9 et la charge horaire)La comptabilit\u00e9 est tenue par un comptable agr\u00e9e Pour voir les services de tenue de comptabilit\u00e9 inclus dans ce pack pour commander le service veuillez nous contacter par: Centre de...","og_url":"https:\/\/hosteen.fr\/ar\/tenue-de-comptabilite\/","og_site_name":"Domiciliation -Se Domicilier- 100% en ligne au Maroc","article_modified_time":"2023-04-29T21:39:47+00:00","twitter_misc":{"Est. reading time":"1 minute"},"schema":{"@context":"https:\/\/schema.org","@graph":[{"@type":"WebPage","@id":"https:\/\/hosteen.fr\/tenue-de-comptabilite\/","url":"https:\/\/hosteen.fr\/tenue-de-comptabilite\/","name":"Tenue de comptabilit\u00e9 - Domiciliation -Se Domicilier- 100% en ligne au Maroc","isPartOf":{"@id":"https:\/\/hosteen.fr\/ar\/#website"},"datePublished":"2023-04-22T02:32:31+00:00","dateModified":"2023-04-29T21:39:47+00:00","inLanguage":"ary","potentialAction":[{"@type":"ReadAction","target":["https:\/\/hosteen.fr\/tenue-de-comptabilite\/"]}]},{"@type":"WebSite","@id":"https:\/\/hosteen.fr\/ar\/#website","url":"https:\/\/hosteen.fr\/ar\/","name":"Domiciliation -Se Domicilier- 100% en ligne au Maroc","description":"Domiciliation 100% en ligne \u00e0 39 MAD TTC au Maroc","publisher":{"@id":"https:\/\/hosteen.fr\/ar\/#organization"},"potentialAction":[{"@type":"SearchAction","target":{"@type":"EntryPoint","urlTemplate":"https:\/\/hosteen.fr\/ar\/?s={search_term_string}"},"query-input":{"@type":"PropertyValueSpecification","valueRequired":true,"valueName":"search_term_string"}}],"inLanguage":"ary"},{"@type":"Organization","@id":"https:\/\/hosteen.fr\/ar\/#organization","name":"Domiciliation -Se Domicilier- 100% en ligne au Maroc","url":"https:\/\/hosteen.fr\/ar\/","logo":{"@type":"ImageObject","inLanguage":"ary","@id":"https:\/\/hosteen.fr\/ar\/#\/schema\/logo\/image\/","url":"https:\/\/hosteen.fr\/wp-content\/uploads\/2022\/12\/cropped-logo-hosteen-Domiciliation-se-domicilier-Societe-Entreprise-Maroc-Marrakech-15.png","contentUrl":"https:\/\/hosteen.fr\/wp-content\/uploads\/2022\/12\/cropped-logo-hosteen-Domiciliation-se-domicilier-Societe-Entreprise-Maroc-Marrakech-15.png","width":467,"height":150,"caption":"Domiciliation -Se Domicilier- 100% en ligne au Maroc"},"image":{"@id":"https:\/\/hosteen.fr\/ar\/#\/schema\/logo\/image\/"}}]}},"_links":{"self":[{"href":"https:\/\/hosteen.fr\/ar\/wp-json\/wp\/v2\/pages\/1432","targetHints":{"allow":["GET"]}}],"collection":[{"href":"https:\/\/hosteen.fr\/ar\/wp-json\/wp\/v2\/pages"}],"about":[{"href":"https:\/\/hosteen.fr\/ar\/wp-json\/wp\/v2\/types\/page"}],"author":[{"embeddable":true,"href":"https:\/\/hosteen.fr\/ar\/wp-json\/wp\/v2\/users\/1"}],"replies":[{"embeddable":true,"href":"https:\/\/hosteen.fr\/ar\/wp-json\/wp\/v2\/comments?post=1432"}],"version-history":[{"count":6,"href":"https:\/\/hosteen.fr\/ar\/wp-json\/wp\/v2\/pages\/1432\/revisions"}],"predecessor-version":[{"id":1474,"href":"https:\/\/hosteen.fr\/ar\/wp-json\/wp\/v2\/pages\/1432\/revisions\/1474"}],"wp:attachment":[{"href":"https:\/\/hosteen.fr\/ar\/wp-json\/wp\/v2\/media?parent=1432"}],"curies":[{"name":"wp","href":"https:\/\/api.w.org\/{rel}","templated":true}]}}