{"id":100,"date":"2022-10-30T18:28:58","date_gmt":"2022-10-30T17:28:58","guid":{"rendered":"https:\/\/www.hosteen.ma\/?page_id=100"},"modified":"2023-01-20T15:47:56","modified_gmt":"2023-01-20T14:47:56","slug":"a-propos","status":"publish","type":"page","link":"https:\/\/hosteen.fr\/ar\/a-propos\/","title":{"rendered":"\u062d\u0648\u0644\u0646\u0627"},"content":{"rendered":"<h1 class=\"wp-block-heading\">\u0645\u0646 \u0646\u062d\u0646\u061f<\/h1><p><strong>Hosteen Marque D\u00e9pos\u00e9e (sous le num\u00e9ro 247011 OMPIC) de La Soci\u00e9t\u00e9 Al Maghribia Li-Tawtiine,<br>\u0645\u0631\u062e\u0636 \u0644\u0647\u0627 \u0645\u0646 \u0642\u0628\u0644 \u0627\u0644\u062f\u0648\u0644\u0629 \u0627\u0644\u0645\u063a\u0631\u0628\u064a\u0629 (\u0625\u0639\u0644\u0627\u0646 \u0631\u0642\u0645 138 \u0627\u0644\u062c\u0631\u064a\u062f\u0629 \u0631\u0633\u0645\u064a\u0629 \u0631\u0642\u0645 5740)<br>\u0644\u062a\u0648\u0637\u064a\u0646 \u0627\u0644\u0623\u0634\u062e\u0627\u0635 \u0627\u0644\u0627\u0639\u062a\u0628\u0627\u0631\u064a\u064a\u0646 \u0648\u0627\u0644\u0630\u0627\u062a\u064a\u064a\u0646 .<br>\u062a\u0634\u0643\u0644 \u0641\u0631\u064a\u0642 \u0647\u0648\u0633\u062a\u064a\u0646 \u0644\u063a\u0631\u0636 \u0648\u0627\u062d\u062f \u0631\u0626\u064a\u0633\u064a: \u062c\u0639\u0644 \u0627\u0644\u062d\u064a\u0627\u0629 \u0623\u0633\u0647\u0644 \u0644\u0631\u0648\u0627\u062f \u0627\u0644\u0623\u0639\u0645\u0627\u0644. \u0646\u062d\u0646 \u0646\u0639\u0645\u0644 \u0643\u0641\u0631\u064a\u0642 \u0648\u0627\u062d\u062f \u0644\u0646\u0642\u062f\u0645 \u0644\u0631\u0648\u0627\u062f \u0627\u0644\u0623\u0639\u0645\u0627\u0644 \u062a\u0648\u0637\u064a\u0646\u064b\u0627 \u0633\u0631\u064a\u0639\u064b\u0627 \u0648\u0639\u0646\u0648\u0627\u0646\u064b\u0627 \u0645\u0631\u0645\u0648\u0642\u064b\u0627 \u0648\u0628\u062a\u0643\u0644\u0641\u0629 \u0623\u0642\u0644 \u0648 100\u066a \u0627\u0648\u0646\u0644\u0627\u064a\u0646 \u0639\u0628\u0631 \u0627\u0644\u0625\u0646\u062a\u0631\u0646\u062a. \u0646\u062d\u0646 \u0646\u0642\u062f\u0645 \u062e\u062f\u0645\u0627\u062a \u0625\u0636\u0627\u0641\u064a\u0629 \u0645\u062b\u0644: \u0627\u0644\u0633\u0643\u0631\u062a\u0627\u0631\u064a\u0629 \u0627\u0644\u0631\u0642\u0645\u064a\u0629 \u0627\u0644\u0627\u0641\u062a\u0631\u0627\u0636\u064a\u0629 \u060c \u0648\u0625\u0646\u0634\u0627\u0621 \u0627\u0644\u0645\u0642\u0627\u0648\u0644\u0627\u062a\u060c \u0648 \u0627\u0644\u0627\u062f\u0627\u0631\u0629 \u0627\u0644\u0627\u0642\u0646\u0648\u0646\u064a\u0629 \u0648 \u0627\u0644\u062a\u0635\u0631\u064a\u062d\u0627\u062a \u0627\u0644\u0636\u0631\u064a\u0628\u064a\u0629 \u0648\u0627\u0644\u0627\u062c\u062a\u0645\u0627\u0639\u064a\u0629 \u0644\u0644\u0633\u0645\u0627\u062d \u0644\u0634\u0631\u0643\u062a\u0643 \u0628\u0627\u0644\u062a\u0637\u0648\u0631 \u0628\u0634\u0643\u0644 \u062c\u064a\u062f \u0641\u064a \u0628\u064a\u0626\u0629 \u0633\u0644\u064a\u0645\u0629.<\/strong><\/p><style>.wp-block-kadence-advancedheading.kt-adv-heading_55f2c5-f2, .wp-block-kadence-advancedheading.kt-adv-heading_55f2c5-f2[data-kb-block=\"kb-adv-heading_55f2c5-f2\"]{text-align:center;font-style:normal;}.wp-block-kadence-advancedheading.kt-adv-heading_55f2c5-f2 mark.kt-highlight, .wp-block-kadence-advancedheading.kt-adv-heading_55f2c5-f2[data-kb-block=\"kb-adv-heading_55f2c5-f2\"] mark.kt-highlight{font-style:normal;color:#f76a0c;-webkit-box-decoration-break:clone;box-decoration-break:clone;padding-top:0px;padding-right:0px;padding-bottom:0px;padding-left:0px;}<\/style>\n<h2 class=\"kt-adv-heading_55f2c5-f2 wp-block-kadence-advancedheading\" data-kb-block=\"kb-adv-heading_55f2c5-f2\"><strong>Nos Valeurs<\/strong><\/h2><style>.kb-image_ba8369-f6.kb-image-is-ratio-size, .kb-image_ba8369-f6 .kb-image-is-ratio-size{max-width:683px;width:100%;}.wp-block-kadence-column > .kt-inside-inner-col > .kb-image_ba8369-f6.kb-image-is-ratio-size, .wp-block-kadence-column > .kt-inside-inner-col > .kb-image_ba8369-f6 .kb-image-is-ratio-size{align-self:unset;}.kb-image_ba8369-f6{max-width:683px;}.image-is-svg.kb-image_ba8369-f6{-webkit-flex:0 1 100%;flex:0 1 100%;}.image-is-svg.kb-image_ba8369-f6 img{width:100%;}.kb-image_ba8369-f6 .kb-image-has-overlay:after{opacity:0.3;}<\/style>\n<figure class=\"wp-block-kadence-image kb-image_ba8369-f6 size-full\"><a href=\"https:\/\/hosteen.fr\/wp-content\/uploads\/2022\/11\/fr-valeurs_Hosteen.webp\" class=\"kb-advanced-image-link\"><img width=\"550\" height=\"547\"  alt=\"\" class=\"kb-img wp-image-1032 lws-optimize-lazyload\"><\/a><\/figure><p><strong>Int\u00e9grit\u00e9<\/strong><\/p><p>L&rsquo;int\u00e9grit\u00e9 et l&rsquo;honn\u00eatet\u00e9 sont les fondements de notre compagnie. Nous nous comportons toujours avec \u00e9quit\u00e9, transparence et nous sommes toujours pr\u00eats \u00e0 rendre des comptes. Nous respectons nos responsabilit\u00e9s.<\/p><p><strong>Excellence<\/strong><\/p><p>Nous nous engageons \u00e0 offrir le meilleur. Avec notre approche centr\u00e9e sur le client, nous visons toujours l&rsquo;excellence et travaillons sans \u00e9chec.<\/p><p><strong>La bont\u00e9<\/strong><\/p><p>Nous travaillons pour le bonheur des gens. De cette mani\u00e8re, nous pensons qu\u2019 \u00ab&nbsp;\u00eatre bon \u00bb gagne toujours.<\/p><p><strong>Innovation<\/strong><\/p><p>Nous sommes une \u00e9quipe ouverte d&rsquo;esprit, pr\u00eate \u00e0 entendre toutes les id\u00e9es qui ajouteront de la valeur \u00e0 notre soci\u00e9t\u00e9. Nous apportons un nouvel esprit aux servies des entreprises sur notre chemin vers la satisfaction de la client\u00e8le avec notre fa\u00e7on de faire des affaires au-del\u00e0 des normes.<\/p><p><strong>Durabilit\u00e9<\/strong><\/p><p>Nous croyons en la cr\u00e9ation de valeur \u00e0 long terme. Notre solide situation financi\u00e8re, nos partenaires de confiance, notre structure efficace et notre \u00e9quipe motiv\u00e9e assurent la continuit\u00e9 de notre soci\u00e9t\u00e9.<\/p>","protected":false},"excerpt":{"rendered":"<p>Qui sommes nous? Hosteen Marque D\u00e9pos\u00e9e (sous le num\u00e9ro 247011 OMPIC) de La Soci\u00e9t\u00e9 Al Maghribia Li-Tawtiine,Autoris\u00e9 par l\u2019Etat Marocain (Annonce n\u00b0 138 Bulletin Officiel n\u00b0 5740)pour domicilier les personnes morales et physiques.L\u2019\u00e9quipe Hosteen s\u2019est con\u00e7ue pour un but principal: simplifier la vie des entrepreneurs. Nous collaborons en \u00e9quipe pour offrir aux entrepreneurs une domiciliation&#8230;<\/p>","protected":false},"author":1,"featured_media":0,"parent":0,"menu_order":0,"comment_status":"closed","ping_status":"closed","template":"","meta":{"_acf_changed":false,"_kadence_starter_templates_imported_post":false,"_kad_post_transparent":"","_kad_post_title":"","_kad_post_layout":"fullwidth","_kad_post_sidebar_id":"","_kad_post_content_style":"","_kad_post_vertical_padding":"","_kad_post_feature":"","_kad_post_feature_position":"","_kad_post_header":false,"_kad_post_footer":false,"footnotes":""},"class_list":["post-100","page","type-page","status-publish","hentry"],"acf":[],"yoast_head":"<!-- This site is optimized with the Yoast SEO plugin v24.7 - https:\/\/yoast.com\/wordpress\/plugins\/seo\/ -->\n<title>A Propos - Domiciliation -Se Domicilier- 100% en ligne au Maroc<\/title>\n<meta name=\"robots\" content=\"index, follow, max-snippet:-1, max-image-preview:large, max-video-preview:-1\" \/>\n<link rel=\"canonical\" href=\"https:\/\/hosteen.fr\/ar\/a-propos\/\" \/>\n<meta property=\"og:locale\" content=\"ar_AR\" \/>\n<meta property=\"og:type\" content=\"article\" \/>\n<meta property=\"og:title\" content=\"A Propos - Domiciliation -Se Domicilier- 100% en ligne au Maroc\" \/>\n<meta property=\"og:description\" content=\"Qui sommes nous? Hosteen Marque D\u00e9pos\u00e9e (sous le num\u00e9ro 247011 OMPIC) de La Soci\u00e9t\u00e9 Al Maghribia Li-Tawtiine,Autoris\u00e9 par l\u2019Etat Marocain (Annonce n\u00b0 138 Bulletin Officiel n\u00b0 5740)pour domicilier les personnes morales et physiques.L\u2019\u00e9quipe Hosteen s\u2019est con\u00e7ue pour un but principal: simplifier la vie des entrepreneurs. Nous collaborons en \u00e9quipe pour offrir aux entrepreneurs une domiciliation...\" \/>\n<meta property=\"og:url\" content=\"https:\/\/hosteen.fr\/ar\/a-propos\/\" \/>\n<meta property=\"og:site_name\" content=\"Domiciliation -Se Domicilier- 100% en ligne au Maroc\" \/>\n<meta property=\"article:modified_time\" content=\"2023-01-20T14:47:56+00:00\" \/>\n<meta property=\"og:image\" content=\"https:\/\/hosteen.fr\/wp-content\/uploads\/2022\/11\/fr-valeurs_Hosteen.webp\" \/>\n<meta name=\"twitter:label1\" content=\"Est. reading time\" \/>\n\t<meta name=\"twitter:data1\" content=\"2 minutes\" \/>\n<script type=\"application\/ld+json\" class=\"yoast-schema-graph\">{\"@context\":\"https:\/\/schema.org\",\"@graph\":[{\"@type\":\"WebPage\",\"@id\":\"https:\/\/hosteen.fr\/a-propos\/\",\"url\":\"https:\/\/hosteen.fr\/a-propos\/\",\"name\":\"A Propos - Domiciliation -Se Domicilier- 100% en ligne au Maroc\",\"isPartOf\":{\"@id\":\"https:\/\/hosteen.fr\/ar\/#website\"},\"primaryImageOfPage\":{\"@id\":\"https:\/\/hosteen.fr\/a-propos\/#primaryimage\"},\"image\":{\"@id\":\"https:\/\/hosteen.fr\/a-propos\/#primaryimage\"},\"thumbnailUrl\":\"https:\/\/hosteen.fr\/wp-content\/uploads\/2022\/11\/fr-valeurs_Hosteen.webp\",\"datePublished\":\"2022-10-30T17:28:58+00:00\",\"dateModified\":\"2023-01-20T14:47:56+00:00\",\"inLanguage\":\"ary\",\"potentialAction\":[{\"@type\":\"ReadAction\",\"target\":[\"https:\/\/hosteen.fr\/a-propos\/\"]}]},{\"@type\":\"ImageObject\",\"inLanguage\":\"ary\",\"@id\":\"https:\/\/hosteen.fr\/a-propos\/#primaryimage\",\"url\":\"https:\/\/hosteen.fr\/wp-content\/uploads\/2022\/11\/fr-valeurs_Hosteen.webp\",\"contentUrl\":\"https:\/\/hosteen.fr\/wp-content\/uploads\/2022\/11\/fr-valeurs_Hosteen.webp\"},{\"@type\":\"WebSite\",\"@id\":\"https:\/\/hosteen.fr\/ar\/#website\",\"url\":\"https:\/\/hosteen.fr\/ar\/\",\"name\":\"Domiciliation -Se Domicilier- 100% en ligne au Maroc\",\"description\":\"Domiciliation 100% en ligne \u00e0 39 MAD TTC au Maroc\",\"publisher\":{\"@id\":\"https:\/\/hosteen.fr\/ar\/#organization\"},\"potentialAction\":[{\"@type\":\"SearchAction\",\"target\":{\"@type\":\"EntryPoint\",\"urlTemplate\":\"https:\/\/hosteen.fr\/ar\/?s={search_term_string}\"},\"query-input\":{\"@type\":\"PropertyValueSpecification\",\"valueRequired\":true,\"valueName\":\"search_term_string\"}}],\"inLanguage\":\"ary\"},{\"@type\":\"Organization\",\"@id\":\"https:\/\/hosteen.fr\/ar\/#organization\",\"name\":\"Domiciliation -Se Domicilier- 100% en ligne au Maroc\",\"url\":\"https:\/\/hosteen.fr\/ar\/\",\"logo\":{\"@type\":\"ImageObject\",\"inLanguage\":\"ary\",\"@id\":\"https:\/\/hosteen.fr\/ar\/#\/schema\/logo\/image\/\",\"url\":\"https:\/\/hosteen.fr\/wp-content\/uploads\/2022\/12\/cropped-logo-hosteen-Domiciliation-se-domicilier-Societe-Entreprise-Maroc-Marrakech-15.png\",\"contentUrl\":\"https:\/\/hosteen.fr\/wp-content\/uploads\/2022\/12\/cropped-logo-hosteen-Domiciliation-se-domicilier-Societe-Entreprise-Maroc-Marrakech-15.png\",\"width\":467,\"height\":150,\"caption\":\"Domiciliation -Se Domicilier- 100% en ligne au Maroc\"},\"image\":{\"@id\":\"https:\/\/hosteen.fr\/ar\/#\/schema\/logo\/image\/\"}}]}<\/script>\n<!-- \/ Yoast SEO plugin. -->","yoast_head_json":{"title":"A Propos - Domiciliation -Se Domicilier- 100% en ligne au Maroc","robots":{"index":"index","follow":"follow","max-snippet":"max-snippet:-1","max-image-preview":"max-image-preview:large","max-video-preview":"max-video-preview:-1"},"canonical":"https:\/\/hosteen.fr\/ar\/a-propos\/","og_locale":"ar_AR","og_type":"article","og_title":"A Propos - Domiciliation -Se Domicilier- 100% en ligne au Maroc","og_description":"Qui sommes nous? Hosteen Marque D\u00e9pos\u00e9e (sous le num\u00e9ro 247011 OMPIC) de La Soci\u00e9t\u00e9 Al Maghribia Li-Tawtiine,Autoris\u00e9 par l\u2019Etat Marocain (Annonce n\u00b0 138 Bulletin Officiel n\u00b0 5740)pour domicilier les personnes morales et physiques.L\u2019\u00e9quipe Hosteen s\u2019est con\u00e7ue pour un but principal: simplifier la vie des entrepreneurs. Nous collaborons en \u00e9quipe pour offrir aux entrepreneurs une domiciliation...","og_url":"https:\/\/hosteen.fr\/ar\/a-propos\/","og_site_name":"Domiciliation -Se Domicilier- 100% en ligne au Maroc","article_modified_time":"2023-01-20T14:47:56+00:00","og_image":[{"url":"https:\/\/hosteen.fr\/wp-content\/uploads\/2022\/11\/fr-valeurs_Hosteen.webp","type":"","width":"","height":""}],"twitter_misc":{"Est. reading time":"2 minutes"},"schema":{"@context":"https:\/\/schema.org","@graph":[{"@type":"WebPage","@id":"https:\/\/hosteen.fr\/a-propos\/","url":"https:\/\/hosteen.fr\/a-propos\/","name":"A Propos - Domiciliation -Se Domicilier- 100% en ligne au Maroc","isPartOf":{"@id":"https:\/\/hosteen.fr\/ar\/#website"},"primaryImageOfPage":{"@id":"https:\/\/hosteen.fr\/a-propos\/#primaryimage"},"image":{"@id":"https:\/\/hosteen.fr\/a-propos\/#primaryimage"},"thumbnailUrl":"https:\/\/hosteen.fr\/wp-content\/uploads\/2022\/11\/fr-valeurs_Hosteen.webp","datePublished":"2022-10-30T17:28:58+00:00","dateModified":"2023-01-20T14:47:56+00:00","inLanguage":"ary","potentialAction":[{"@type":"ReadAction","target":["https:\/\/hosteen.fr\/a-propos\/"]}]},{"@type":"ImageObject","inLanguage":"ary","@id":"https:\/\/hosteen.fr\/a-propos\/#primaryimage","url":"https:\/\/hosteen.fr\/wp-content\/uploads\/2022\/11\/fr-valeurs_Hosteen.webp","contentUrl":"https:\/\/hosteen.fr\/wp-content\/uploads\/2022\/11\/fr-valeurs_Hosteen.webp"},{"@type":"WebSite","@id":"https:\/\/hosteen.fr\/ar\/#website","url":"https:\/\/hosteen.fr\/ar\/","name":"Domiciliation -Se Domicilier- 100% en ligne au Maroc","description":"Domiciliation 100% en ligne \u00e0 39 MAD TTC au Maroc","publisher":{"@id":"https:\/\/hosteen.fr\/ar\/#organization"},"potentialAction":[{"@type":"SearchAction","target":{"@type":"EntryPoint","urlTemplate":"https:\/\/hosteen.fr\/ar\/?s={search_term_string}"},"query-input":{"@type":"PropertyValueSpecification","valueRequired":true,"valueName":"search_term_string"}}],"inLanguage":"ary"},{"@type":"Organization","@id":"https:\/\/hosteen.fr\/ar\/#organization","name":"Domiciliation -Se Domicilier- 100% en ligne au Maroc","url":"https:\/\/hosteen.fr\/ar\/","logo":{"@type":"ImageObject","inLanguage":"ary","@id":"https:\/\/hosteen.fr\/ar\/#\/schema\/logo\/image\/","url":"https:\/\/hosteen.fr\/wp-content\/uploads\/2022\/12\/cropped-logo-hosteen-Domiciliation-se-domicilier-Societe-Entreprise-Maroc-Marrakech-15.png","contentUrl":"https:\/\/hosteen.fr\/wp-content\/uploads\/2022\/12\/cropped-logo-hosteen-Domiciliation-se-domicilier-Societe-Entreprise-Maroc-Marrakech-15.png","width":467,"height":150,"caption":"Domiciliation -Se Domicilier- 100% en ligne au Maroc"},"image":{"@id":"https:\/\/hosteen.fr\/ar\/#\/schema\/logo\/image\/"}}]}},"_links":{"self":[{"href":"https:\/\/hosteen.fr\/ar\/wp-json\/wp\/v2\/pages\/100","targetHints":{"allow":["GET"]}}],"collection":[{"href":"https:\/\/hosteen.fr\/ar\/wp-json\/wp\/v2\/pages"}],"about":[{"href":"https:\/\/hosteen.fr\/ar\/wp-json\/wp\/v2\/types\/page"}],"author":[{"embeddable":true,"href":"https:\/\/hosteen.fr\/ar\/wp-json\/wp\/v2\/users\/1"}],"replies":[{"embeddable":true,"href":"https:\/\/hosteen.fr\/ar\/wp-json\/wp\/v2\/comments?post=100"}],"version-history":[{"count":8,"href":"https:\/\/hosteen.fr\/ar\/wp-json\/wp\/v2\/pages\/100\/revisions"}],"predecessor-version":[{"id":1360,"href":"https:\/\/hosteen.fr\/ar\/wp-json\/wp\/v2\/pages\/100\/revisions\/1360"}],"wp:attachment":[{"href":"https:\/\/hosteen.fr\/ar\/wp-json\/wp\/v2\/media?parent=100"}],"curies":[{"name":"wp","href":"https:\/\/api.w.org\/{rel}","templated":true}]}}